{"id":8,"date":"2019-03-08T21:09:40","date_gmt":"2019-03-08T20:09:40","guid":{"rendered":"http:\/\/candicemedinamaraud.com\/?page_id=8"},"modified":"2024-09-13T11:47:45","modified_gmt":"2024-09-13T09:47:45","slug":"psychanalyse","status":"publish","type":"page","link":"https:\/\/candicemedinamaraud.com\/index.php\/psychanalyse\/","title":{"rendered":"Psychanalyse"},"content":{"rendered":"\n<p><strong>La psychanalyse<\/strong> est une <strong>aventure faite de questionnements<\/strong> et une<strong> qu\u00eate de libert\u00e9<\/strong>. A tout \u00e2ge, on peut avoir envie et\/ou besoin de prendre la parole. Il n\u2019est pas question ici de poser de diagnostic, ni de pr\u00e9tendre savoir mieux que l\u2019autre qui iel est, comment iel doit vivre sa vie, mais de s\u2019engager dans un travail qui prend en compte une personne dans tout ce qu\u2019elle est d\u2019unique, dans tout ce que <strong>son histoire<\/strong> a d\u2019unique, pour qu&rsquo;elle puisse travailler sur son histoire et que puisse \u00e9merger <strong>une parole singuli\u00e8re<\/strong>, la sienne.<\/p>\n\n\n\n<p><strong>Surdou\u00e9e <\/strong>identifi\u00e9e comme telle enfant, le terme pr\u00e9coce \u00e9tait alors \u00e0 la mode, j&rsquo;ai red\u00e9couvert ma douance \u00e0 l&rsquo;\u00e2ge adulte. J&rsquo;ai alors chang\u00e9 d&rsquo;orientation professionnelle et j&rsquo;ai travaill\u00e9 8 ans \u00e0 Paris en tant qu&rsquo;enseignante ind\u00e9pendante, avec des enfants et des ados \u00e0 haut potentiel, ainsi qu&rsquo;avec des \u00e9tudiant.es \u00e9tranger.\u00e8res. En parall\u00e8le j&rsquo;ai entam\u00e9 un voyage inattendu, aussi difficile que passionnant : une psychanalyse. <\/p>\n\n\n\n<p>Des ann\u00e9es plus tard, j&rsquo;ai choisi de devenir <strong>psychanalyste <\/strong>et de m&rsquo;installer dans les Hautes-Pyr\u00e9n\u00e9es, choix tout autant personnel que politique car, pour moi, la psychanalyse a sa place partout, y compris dans un village de montagne.<\/p>\n\n\n\n<p>Je propose des s\u00e9ances \u00e0 mon cabinet \u00e0 Aucun dans le <strong>Val d&rsquo;Azun<\/strong> ou par t\u00e9l\u00e9phone. Je re\u00e7ois notamment des personnes surdou\u00e9.es et Asperger.<\/p>\n\n\n\n<p>Je travaille \u00e9galement avec les parents qui s&rsquo;interrogent sur la parentalit\u00e9 et souhaitent \u00eatre accompagn\u00e9s.<\/p>\n\n\n\n<p>Je suis \u00e9galement la cr\u00e9atrice du podcast <strong>Dessine-moi un divan<\/strong>, le podcast pour penser la psychanalyse autrement, \u00e0 retrouver sur toutes les plateformes de diffusion habituelles : <a rel=\"noreferrer noopener\" href=\"https:\/\/smartlink.ausha.co\/dessine-moi-un-divan\" target=\"_blank\">https:\/\/smartlink.ausha.co\/dessine-moi-un-divan<\/a><\/p>\n\n\n\n<ul class=\"wp-block-social-links is-layout-flex wp-block-social-links-is-layout-flex\"><li class=\"wp-social-link wp-social-link-instagram  wp-block-social-link\"><a href=\"https:\/\/www.instagram.com\/dessinemoiundivan\/\" class=\"wp-block-social-link-anchor\"><svg width=\"24\" height=\"24\" viewBox=\"0 0 24 24\" version=\"1.1\" xmlns=\"http:\/\/www.w3.org\/2000\/svg\" aria-hidden=\"true\" focusable=\"false\"><path d=\"M12,4.622c2.403,0,2.688,0.009,3.637,0.052c0.877,0.04,1.354,0.187,1.671,0.31c0.42,0.163,0.72,0.358,1.035,0.673 c0.315,0.315,0.51,0.615,0.673,1.035c0.123,0.317,0.27,0.794,0.31,1.671c0.043,0.949,0.052,1.234,0.052,3.637 s-0.009,2.688-0.052,3.637c-0.04,0.877-0.187,1.354-0.31,1.671c-0.163,0.42-0.358,0.72-0.673,1.035 c-0.315,0.315-0.615,0.51-1.035,0.673c-0.317,0.123-0.794,0.27-1.671,0.31c-0.949,0.043-1.233,0.052-3.637,0.052 s-2.688-0.009-3.637-0.052c-0.877-0.04-1.354-0.187-1.671-0.31c-0.42-0.163-0.72-0.358-1.035-0.673 c-0.315-0.315-0.51-0.615-0.673-1.035c-0.123-0.317-0.27-0.794-0.31-1.671C4.631,14.688,4.622,14.403,4.622,12 s0.009-2.688,0.052-3.637c0.04-0.877,0.187-1.354,0.31-1.671c0.163-0.42,0.358-0.72,0.673-1.035 c0.315-0.315,0.615-0.51,1.035-0.673c0.317-0.123,0.794-0.27,1.671-0.31C9.312,4.631,9.597,4.622,12,4.622 M12,3 C9.556,3,9.249,3.01,8.289,3.054C7.331,3.098,6.677,3.25,6.105,3.472C5.513,3.702,5.011,4.01,4.511,4.511 c-0.5,0.5-0.808,1.002-1.038,1.594C3.25,6.677,3.098,7.331,3.054,8.289C3.01,9.249,3,9.556,3,12c0,2.444,0.01,2.751,0.054,3.711 c0.044,0.958,0.196,1.612,0.418,2.185c0.23,0.592,0.538,1.094,1.038,1.594c0.5,0.5,1.002,0.808,1.594,1.038 c0.572,0.222,1.227,0.375,2.185,0.418C9.249,20.99,9.556,21,12,21s2.751-0.01,3.711-0.054c0.958-0.044,1.612-0.196,2.185-0.418 c0.592-0.23,1.094-0.538,1.594-1.038c0.5-0.5,0.808-1.002,1.038-1.594c0.222-0.572,0.375-1.227,0.418-2.185 C20.99,14.751,21,14.444,21,12s-0.01-2.751-0.054-3.711c-0.044-0.958-0.196-1.612-0.418-2.185c-0.23-0.592-0.538-1.094-1.038-1.594 c-0.5-0.5-1.002-0.808-1.594-1.038c-0.572-0.222-1.227-0.375-2.185-0.418C14.751,3.01,14.444,3,12,3L12,3z M12,7.378 c-2.552,0-4.622,2.069-4.622,4.622S9.448,16.622,12,16.622s4.622-2.069,4.622-4.622S14.552,7.378,12,7.378z M12,15 c-1.657,0-3-1.343-3-3s1.343-3,3-3s3,1.343,3,3S13.657,15,12,15z M16.804,6.116c-0.596,0-1.08,0.484-1.08,1.08 s0.484,1.08,1.08,1.08c0.596,0,1.08-0.484,1.08-1.08S17.401,6.116,16.804,6.116z\"><\/path><\/svg><span class=\"wp-block-social-link-label screen-reader-text\">Instagram<\/span><\/a><\/li><\/ul>\n\n\n\n<ul class=\"wp-block-social-links is-layout-flex wp-block-social-links-is-layout-flex\"><li class=\"wp-social-link wp-social-link-youtube  wp-block-social-link\"><a href=\"https:\/\/www.youtube.com\/channel\/UCVvuIPuellm0qNoU_wQG_WA\" class=\"wp-block-social-link-anchor\"><svg width=\"24\" height=\"24\" viewBox=\"0 0 24 24\" version=\"1.1\" xmlns=\"http:\/\/www.w3.org\/2000\/svg\" aria-hidden=\"true\" focusable=\"false\"><path d=\"M21.8,8.001c0,0-0.195-1.378-0.795-1.985c-0.76-0.797-1.613-0.801-2.004-0.847c-2.799-0.202-6.997-0.202-6.997-0.202 h-0.009c0,0-4.198,0-6.997,0.202C4.608,5.216,3.756,5.22,2.995,6.016C2.395,6.623,2.2,8.001,2.2,8.001S2,9.62,2,11.238v1.517 c0,1.618,0.2,3.237,0.2,3.237s0.195,1.378,0.795,1.985c0.761,0.797,1.76,0.771,2.205,0.855c1.6,0.153,6.8,0.201,6.8,0.201 s4.203-0.006,7.001-0.209c0.391-0.047,1.243-0.051,2.004-0.847c0.6-0.607,0.795-1.985,0.795-1.985s0.2-1.618,0.2-3.237v-1.517 C22,9.62,21.8,8.001,21.8,8.001z M9.935,14.594l-0.001-5.62l5.404,2.82L9.935,14.594z\"><\/path><\/svg><span class=\"wp-block-social-link-label screen-reader-text\">YouTube<\/span><\/a><\/li><\/ul>\n\n\n\n<p>#psychanalyse #psychanalyste #hautespyrenees #psyhautespyrenees #psy #psy65 #hpi #hpi65 #hautpotentiel #psyaut\u00e9l\u00e9phone<\/p>\n","protected":false},"excerpt":{"rendered":"<p>La psychanalyse est une aventure faite de questionnements et une qu\u00eate de libert\u00e9. A tout \u00e2ge, on peut avoir envie et\/ou besoin de prendre la parole. Il n\u2019est pas question ici de poser de diagnostic, ni de pr\u00e9tendre savoir mieux que l\u2019autre qui iel est, comment iel doit vivre sa vie, mais de s\u2019engager dans [&hellip;]<\/p>\n","protected":false},"author":1,"featured_media":0,"parent":0,"menu_order":0,"comment_status":"closed","ping_status":"closed","template":"","meta":{"footnotes":""},"class_list":["post-8","page","type-page","status-publish","hentry"],"_links":{"self":[{"href":"https:\/\/candicemedinamaraud.com\/index.php\/wp-json\/wp\/v2\/pages\/8","targetHints":{"allow":["GET"]}}],"collection":[{"href":"https:\/\/candicemedinamaraud.com\/index.php\/wp-json\/wp\/v2\/pages"}],"about":[{"href":"https:\/\/candicemedinamaraud.com\/index.php\/wp-json\/wp\/v2\/types\/page"}],"author":[{"embeddable":true,"href":"https:\/\/candicemedinamaraud.com\/index.php\/wp-json\/wp\/v2\/users\/1"}],"replies":[{"embeddable":true,"href":"https:\/\/candicemedinamaraud.com\/index.php\/wp-json\/wp\/v2\/comments?post=8"}],"version-history":[{"count":13,"href":"https:\/\/candicemedinamaraud.com\/index.php\/wp-json\/wp\/v2\/pages\/8\/revisions"}],"predecessor-version":[{"id":561,"href":"https:\/\/candicemedinamaraud.com\/index.php\/wp-json\/wp\/v2\/pages\/8\/revisions\/561"}],"wp:attachment":[{"href":"https:\/\/candicemedinamaraud.com\/index.php\/wp-json\/wp\/v2\/media?parent=8"}],"curies":[{"name":"wp","href":"https:\/\/api.w.org\/{rel}","templated":true}]}}